{"id":34752,"date":"2024-12-11T12:07:58","date_gmt":"2024-12-11T12:07:58","guid":{"rendered":"https:\/\/grupoarosa.es\/?page_id=34752"},"modified":"2024-12-20T07:59:59","modified_gmt":"2024-12-20T07:59:59","slug":"bastoncillos-arosa","status":"publish","type":"page","link":"https:\/\/grupoarosa.es\/pt\/bastoncillos-arosa\/","title":{"rendered":"Cotonetes Arosa"},"content":{"rendered":"<div data-elementor-type=\"wp-page\" data-elementor-id=\"34752\" class=\"elementor elementor-34752\">\n\t\t\t\t<div class=\"wd-negative-gap elementor-element elementor-element-1c90c3f wd-section-stretch e-flex e-con-boxed e-con e-parent\" data-id=\"1c90c3f\" data-element_type=\"container\" data-e-type=\"container\" data-settings=\"{&quot;background_background&quot;:&quot;classic&quot;}\">\n\t\t\t\t\t<div class=\"e-con-inner\">\n\t\t\t\t<div class=\"elementor-element elementor-element-12bbfe3 elementor-view-default elementor-position-block-start elementor-mobile-position-block-start elementor-widget elementor-widget-icon-box\" data-id=\"12bbfe3\" data-element_type=\"widget\" data-e-type=\"widget\" data-widget_type=\"icon-box.default\">\n\t\t\t\t<div class=\"elementor-widget-container\">\n\t\t\t\t\t\t\t<div class=\"elementor-icon-box-wrapper\">\n\n\t\t\t\t\t\t<div class=\"elementor-icon-box-icon\">\n\t\t\t\t<span  class=\"elementor-icon\">\n\t\t\t\t<svg aria-hidden=\"true\" class=\"e-font-icon-svg e-fas-plus-circle\" viewbox=\"0 0 512 512\" xmlns=\"http:\/\/www.w3.org\/2000\/svg\"><path d=\"M256 8C119 8 8 119 8 256s111 248 248 248 248-111 248-248S393 8 256 8zm144 276c0 6.6-5.4 12-12 12h-92v92c0 6.6-5.4 12-12 12h-56c-6.6 0-12-5.4-12-12v-92h-92c-6.6 0-12-5.4-12-12v-56c0-6.6 5.4-12 12-12h92v-92c0-6.6 5.4-12 12-12h56c6.6 0 12 5.4 12 12v92h92c6.6 0 12 5.4 12 12v56z\"><\/path><\/svg>\t\t\t\t<\/span>\n\t\t\t<\/div>\n\t\t\t\n\t\t\t\t\t\t<div class=\"elementor-icon-box-content\">\n\n\t\t\t\t\t\t\t\t\t<h3 class=\"elementor-icon-box-title\">\n\t\t\t\t\t\t<span  >\n\t\t\t\t\t\t\t100% Celulose\t\t\t\t\t\t<\/span>\n\t\t\t\t\t<\/h3>\n\t\t\t\t\n\t\t\t\t\t\t\t\t\t<p class=\"elementor-icon-box-description\">\n\t\t\t\t\t\tTodos os nossos produtos s\u00e3o fabricados com celulose 100% garantida.\t\t\t\t\t<\/p>\n\t\t\t\t\n\t\t\t<\/div>\n\t\t\t\n\t\t<\/div>\n\t\t\t\t\t\t<\/div>\n\t\t\t\t<\/div>\n\t\t\t\t<div class=\"elementor-element elementor-element-776bbff elementor-view-default elementor-position-block-start elementor-mobile-position-block-start elementor-widget elementor-widget-icon-box\" data-id=\"776bbff\" data-element_type=\"widget\" data-e-type=\"widget\" data-widget_type=\"icon-box.default\">\n\t\t\t\t<div class=\"elementor-widget-container\">\n\t\t\t\t\t\t\t<div class=\"elementor-icon-box-wrapper\">\n\n\t\t\t\t\t\t<div class=\"elementor-icon-box-icon\">\n\t\t\t\t<span  class=\"elementor-icon\">\n\t\t\t\t<svg aria-hidden=\"true\" class=\"e-font-icon-svg e-fas-leaf\" viewbox=\"0 0 576 512\" xmlns=\"http:\/\/www.w3.org\/2000\/svg\"><path d=\"M546.2 9.7c-5.6-12.5-21.6-13-28.3-1.2C486.9 62.4 431.4 96 368 96h-80C182 96 96 182 96 288c0 7 .8 13.7 1.5 20.5C161.3 262.8 253.4 224 384 224c8.8 0 16 7.2 16 16s-7.2 16-16 16C132.6 256 26 410.1 2.4 468c-6.6 16.3 1.2 34.9 17.5 41.6 16.4 6.8 35-1.1 41.8-17.3 1.5-3.6 20.9-47.9 71.9-90.6 32.4 43.9 94 85.8 174.9 77.2C465.5 467.5 576 326.7 576 154.3c0-50.2-10.8-102.2-29.8-144.6z\"><\/path><\/svg>\t\t\t\t<\/span>\n\t\t\t<\/div>\n\t\t\t\n\t\t\t\t\t\t<div class=\"elementor-icon-box-content\">\n\n\t\t\t\t\t\t\t\t\t<h3 class=\"elementor-icon-box-title\">\n\t\t\t\t\t\t<span  >\n\t\t\t\t\t\t\tCuidamos da sua pele\t\t\t\t\t\t<\/span>\n\t\t\t\t\t<\/h3>\n\t\t\t\t\n\t\t\t\t\t\t\t\t\t<p class=\"elementor-icon-box-description\">\n\t\t\t\t\t\tTodos os produtos fabricados na Arosa s\u00e3o testados dermatologicamente.\t\t\t\t\t<\/p>\n\t\t\t\t\n\t\t\t<\/div>\n\t\t\t\n\t\t<\/div>\n\t\t\t\t\t\t<\/div>\n\t\t\t\t<\/div>\n\t\t\t\t<div class=\"elementor-element elementor-element-54ba5e8 elementor-view-default elementor-position-block-start elementor-mobile-position-block-start elementor-widget elementor-widget-icon-box\" data-id=\"54ba5e8\" data-element_type=\"widget\" data-e-type=\"widget\" data-widget_type=\"icon-box.default\">\n\t\t\t\t<div class=\"elementor-widget-container\">\n\t\t\t\t\t\t\t<div class=\"elementor-icon-box-wrapper\">\n\n\t\t\t\t\t\t<div class=\"elementor-icon-box-icon\">\n\t\t\t\t<span  class=\"elementor-icon\">\n\t\t\t\t<svg aria-hidden=\"true\" class=\"e-font-icon-svg e-fas-clock\" viewbox=\"0 0 512 512\" xmlns=\"http:\/\/www.w3.org\/2000\/svg\"><path d=\"M256,8C119,8,8,119,8,256S119,504,256,504,504,393,504,256,393,8,256,8Zm92.49,313h0l-20,25a16,16,0,0,1-22.49,2.5h0l-67-49.72a40,40,0,0,1-15-31.23V112a16,16,0,0,1,16-16h32a16,16,0,0,1,16,16V256l58,42.5A16,16,0,0,1,348.49,321Z\"><\/path><\/svg>\t\t\t\t<\/span>\n\t\t\t<\/div>\n\t\t\t\n\t\t\t\t\t\t<div class=\"elementor-icon-box-content\">\n\n\t\t\t\t\t\t\t\t\t<h3 class=\"elementor-icon-box-title\">\n\t\t\t\t\t\t<span  >\n\t\t\t\t\t\t\tProte\u00e7\u00e3o m\u00e1xima\t\t\t\t\t\t<\/span>\n\t\t\t\t\t<\/h3>\n\t\t\t\t\n\t\t\t\t\t\t\t\t\t<p class=\"elementor-icon-box-description\">\n\t\t\t\t\t\tPode sentir-se limpo e seguro todos os dias do m\u00eas gra\u00e7as \u00e0 nossa vasta gama de produtos.\t\t\t\t\t<\/p>\n\t\t\t\t\n\t\t\t<\/div>\n\t\t\t\n\t\t<\/div>\n\t\t\t\t\t\t<\/div>\n\t\t\t\t<\/div>\n\t\t\t\t<div class=\"elementor-element elementor-element-01982ee elementor-view-default elementor-position-block-start elementor-mobile-position-block-start elementor-widget elementor-widget-icon-box\" data-id=\"01982ee\" data-element_type=\"widget\" data-e-type=\"widget\" data-widget_type=\"icon-box.default\">\n\t\t\t\t<div class=\"elementor-widget-container\">\n\t\t\t\t\t\t\t<div class=\"elementor-icon-box-wrapper\">\n\n\t\t\t\t\t\t<div class=\"elementor-icon-box-icon\">\n\t\t\t\t<span  class=\"elementor-icon\">\n\t\t\t\t<svg aria-hidden=\"true\" class=\"e-font-icon-svg e-fas-check-circle\" viewbox=\"0 0 512 512\" xmlns=\"http:\/\/www.w3.org\/2000\/svg\"><path d=\"M504 256c0 136.967-111.033 248-248 248S8 392.967 8 256 119.033 8 256 8s248 111.033 248 248zM227.314 387.314l184-184c6.248-6.248 6.248-16.379 0-22.627l-22.627-22.627c-6.248-6.249-16.379-6.249-22.628 0L216 308.118l-70.059-70.059c-6.248-6.248-16.379-6.248-22.628 0l-22.627 22.627c-6.248 6.248-6.248 16.379 0 22.627l104 104c6.249 6.249 16.379 6.249 22.628.001z\"><\/path><\/svg>\t\t\t\t<\/span>\n\t\t\t<\/div>\n\t\t\t\n\t\t\t\t\t\t<div class=\"elementor-icon-box-content\">\n\n\t\t\t\t\t\t\t\t\t<h3 class=\"elementor-icon-box-title\">\n\t\t\t\t\t\t<span  >\n\t\t\t\t\t\t\tConforto total\t\t\t\t\t\t<\/span>\n\t\t\t\t\t<\/h3>\n\t\t\t\t\n\t\t\t\t\t\t\t\t\t<p class=\"elementor-icon-box-description\">\n\t\t\t\t\t\tOs nossos produtos adaptam-se ao seu ritmo de vida, n\u00e3o altere a sua atividade, escolha o produto que necessita.\t\t\t\t\t<\/p>\n\t\t\t\t\n\t\t\t<\/div>\n\t\t\t\n\t\t<\/div>\n\t\t\t\t\t\t<\/div>\n\t\t\t\t<\/div>\n\t\t\t\t\t<\/div>\n\t\t\t\t<\/div>\n\t\t<div class=\"wd-negative-gap elementor-element elementor-element-207de1a e-flex e-con-boxed e-con e-parent\" data-id=\"207de1a\" data-element_type=\"container\" data-e-type=\"container\">\n\t\t\t\t\t<div class=\"e-con-inner\">\n\t\t<div class=\"elementor-element elementor-element-f256da1 e-con-full e-flex e-con e-child\" data-id=\"f256da1\" data-element_type=\"container\" data-e-type=\"container\">\n\t\t\t\t<div class=\"elementor-element elementor-element-02c807f elementor-widget elementor-widget-wd_image_or_svg\" data-id=\"02c807f\" data-element_type=\"widget\" data-e-type=\"widget\" data-widget_type=\"wd_image_or_svg.default\">\n\t\t\t\t<div class=\"elementor-widget-container\">\n\t\t\t\t\t\n\t\t<div class=\"wd-image text-left\">\n\t\t\t\t\t\t\t\t<img loading=\"lazy\" decoding=\"async\" width=\"530\" height=\"350\" src=\"https:\/\/grupoarosa.es\/wp-content\/uploads\/2024\/12\/bastoncillos.jpg\" class=\"attachment-full size-full\" alt=\"\" srcset=\"https:\/\/grupoarosa.es\/wp-content\/uploads\/2024\/12\/bastoncillos.jpg 530w, https:\/\/grupoarosa.es\/wp-content\/uploads\/2024\/12\/bastoncillos-400x264.jpg 400w, https:\/\/grupoarosa.es\/wp-content\/uploads\/2024\/12\/bastoncillos-430x284.jpg 430w, https:\/\/grupoarosa.es\/wp-content\/uploads\/2024\/12\/bastoncillos-150x99.jpg 150w\" sizes=\"auto, (max-width: 530px) 100vw, 530px\" \/>\t\t\t\t\t<\/div>\n\n\t\t\t\t\t\t<\/div>\n\t\t\t\t<\/div>\n\t\t\t\t<\/div>\n\t\t<div class=\"elementor-element elementor-element-de9555b e-con-full e-flex e-con e-child\" data-id=\"de9555b\" data-element_type=\"container\" data-e-type=\"container\">\n\t\t\t\t<div class=\"elementor-element elementor-element-dfce1e7 wd-width-100 elementor-widget elementor-widget-wd_title\" data-id=\"dfce1e7\" data-element_type=\"widget\" data-e-type=\"widget\" data-widget_type=\"wd_title.default\">\n\t\t\t\t<div class=\"elementor-widget-container\">\n\t\t\t\t\t\t\t<div class=\"title-wrapper wd-set-mb reset-last-child wd-title-color-primary wd-title-style-default wd-title-size-large text-left\">\n\n\t\t\t\n\t\t\t<div class=\"liner-continer\">\n\t\t\t\t<h4 class=\"woodmart-title-container title wd-fontsize-xxl\">Cotonetes Arosa<\/h4> \n\t\t\t\t\t\t\t<\/div>\n\n\t\t\t\t\t<\/div>\n\t\t\t\t\t\t<\/div>\n\t\t\t\t<\/div>\n\t\t\t\t<div class=\"elementor-element elementor-element-e7a36a7 elementor-widget elementor-widget-wd_text_block\" data-id=\"e7a36a7\" data-element_type=\"widget\" data-e-type=\"widget\" data-widget_type=\"wd_text_block.default\">\n\t\t\t\t<div class=\"elementor-widget-container\">\n\t\t\t\t\t\t\t<div class=\"wd-text-block reset-last-child text-left\">\n\t\t\t\n\t\t\t<p>Ecol\u00f3gico. Palitos de papel e pontas de algod\u00e3o.<br \/>Limpeza externa do ouvido N\u00e3o introduza no canal auditivo.<\/p><p>Apresenta\u00e7\u00e3o em caixas de 100 e 200 unidades.<\/p><p>Fabricamos todos os nossos produtos com as melhores mat\u00e9rias-primas.<\/p><p>Os produtos fabricados na AROSA s\u00e3o especialmente pensados \u200b\u200bpara que se sinta confort\u00e1vel e seguro todos os dias do m\u00eas. N\u00e3o precisa de alterar os dias da menstrua\u00e7\u00e3o, com os produtos AROSA pode sentir-se protegida.<br \/>Os produtos AROSA dividem-se em v\u00e1rias gamas: Produtos Afectivos, Tocol\u00f3gicos, Econ\u00f3micos e Outros que completam toda uma s\u00e9rie dedicada \u00e0 higiene \u00edntima feminina.<\/p><p>Desde a escolha da melhor mat\u00e9ria-prima at\u00e9 o produto chegar \u00e0s prateleiras das lojas onde \u00e9 distribu\u00eddo, tratamos minuciosamente de todos os processos.<\/p>\n\t\t\t\t\t<\/div>\n\t\t\t\t\t\t<\/div>\n\t\t\t\t<\/div>\n\t\t\t\t<\/div>\n\t\t\t\t\t<\/div>\n\t\t\t\t<\/div>\n\t\t<div class=\"wd-negative-gap elementor-element elementor-element-3302d54 e-flex e-con-boxed e-con e-parent\" data-id=\"3302d54\" data-element_type=\"container\" data-e-type=\"container\">\n\t\t\t\t\t<div class=\"e-con-inner\">\n\t\t\t\t<div class=\"elementor-element elementor-element-7b3187a elementor-widget elementor-widget-wd_text_block\" data-id=\"7b3187a\" data-element_type=\"widget\" data-e-type=\"widget\" data-widget_type=\"wd_text_block.default\">\n\t\t\t\t<div class=\"elementor-widget-container\">\n\t\t\t\t\t\t\t<div class=\"wd-text-block reset-last-child text-left\">\n\t\t\t\n\t\t\t<p>O nosso maior desafio \u00e9 manter a confian\u00e7a que milhares de consumidores depositam em n\u00f3s h\u00e1 mais de trinta anos e s\u00f3 o sabemos fazer gra\u00e7as \u00e0 procura cont\u00ednua da excel\u00eancia em cada uma das tarefas que desempenhamos.<\/p><p>Produtos 100% celulose, dermatologicamente testados, com total aus\u00eancia de produtos qu\u00edmicos na sua produ\u00e7\u00e3o e totalmente respir\u00e1veis \u200b\u200bpara proteger a sua pele.<\/p>\n\t\t\t\t\t<\/div>\n\t\t\t\t\t\t<\/div>\n\t\t\t\t<\/div>\n\t\t\t\t\t<\/div>\n\t\t\t\t<\/div>\n\t\t<div class=\"wd-negative-gap elementor-element elementor-element-835755d e-flex e-con-boxed e-con e-parent\" data-id=\"835755d\" data-element_type=\"container\" data-e-type=\"container\">\n\t\t\t\t\t<div class=\"e-con-inner\">\n\t\t<div class=\"elementor-element elementor-element-620c7c5 e-con-full e-flex e-con e-child\" data-id=\"620c7c5\" data-element_type=\"container\" data-e-type=\"container\">\n\t\t\t\t<div class=\"elementor-element elementor-element-9cc08d6 elementor-widget elementor-widget-wd_image_or_svg\" data-id=\"9cc08d6\" data-element_type=\"widget\" data-e-type=\"widget\" data-widget_type=\"wd_image_or_svg.default\">\n\t\t\t\t<div class=\"elementor-widget-container\">\n\t\t\t\t\t\n\t\t<div class=\"wd-image text-center\">\n\t\t\t\t\t\t\t\t<img loading=\"lazy\" decoding=\"async\" width=\"112\" height=\"112\" src=\"https:\/\/grupoarosa.es\/wp-content\/uploads\/2024\/11\/celulosa.png\" class=\"attachment-112x112 size-112x112\" alt=\"\" \/>\t\t\t\t\t<\/div>\n\n\t\t\t\t\t\t<\/div>\n\t\t\t\t<\/div>\n\t\t\t\t<\/div>\n\t\t<div class=\"elementor-element elementor-element-a92e209 e-con-full e-flex e-con e-child\" data-id=\"a92e209\" data-element_type=\"container\" data-e-type=\"container\">\n\t\t\t\t<div class=\"elementor-element elementor-element-7421241 elementor-widget elementor-widget-wd_image_or_svg\" data-id=\"7421241\" data-element_type=\"widget\" data-e-type=\"widget\" data-widget_type=\"wd_image_or_svg.default\">\n\t\t\t\t<div class=\"elementor-widget-container\">\n\t\t\t\t\t\n\t\t<div class=\"wd-image text-center\">\n\t\t\t\t\t\t\t\t<img loading=\"lazy\" decoding=\"async\" width=\"112\" height=\"112\" src=\"https:\/\/grupoarosa.es\/wp-content\/uploads\/2024\/11\/dermatologico.png\" class=\"attachment-112x112 size-112x112\" alt=\"\" \/>\t\t\t\t\t<\/div>\n\n\t\t\t\t\t\t<\/div>\n\t\t\t\t<\/div>\n\t\t\t\t<\/div>\n\t\t<div class=\"elementor-element elementor-element-9ecacca e-con-full e-flex e-con e-child\" data-id=\"9ecacca\" data-element_type=\"container\" data-e-type=\"container\">\n\t\t\t\t<div class=\"elementor-element elementor-element-f976796 elementor-widget elementor-widget-wd_image_or_svg\" data-id=\"f976796\" data-element_type=\"widget\" data-e-type=\"widget\" data-widget_type=\"wd_image_or_svg.default\">\n\t\t\t\t<div class=\"elementor-widget-container\">\n\t\t\t\t\t\n\t\t<div class=\"wd-image text-center\">\n\t\t\t\t\t\t\t\t<img loading=\"lazy\" decoding=\"async\" width=\"112\" height=\"112\" src=\"https:\/\/grupoarosa.es\/wp-content\/uploads\/2024\/11\/transpirable.png\" class=\"attachment-112x112 size-112x112\" alt=\"\" \/>\t\t\t\t\t<\/div>\n\n\t\t\t\t\t\t<\/div>\n\t\t\t\t<\/div>\n\t\t\t\t<\/div>\n\t\t<div class=\"elementor-element elementor-element-efd999b e-con-full e-flex e-con e-child\" data-id=\"efd999b\" data-element_type=\"container\" data-e-type=\"container\">\n\t\t\t\t<div class=\"elementor-element elementor-element-284e27e elementor-widget elementor-widget-wd_image_or_svg\" data-id=\"284e27e\" data-element_type=\"widget\" data-e-type=\"widget\" data-widget_type=\"wd_image_or_svg.default\">\n\t\t\t\t<div class=\"elementor-widget-container\">\n\t\t\t\t\t\n\t\t<div class=\"wd-image text-center\">\n\t\t\t\t\t\t\t\t<img loading=\"lazy\" decoding=\"async\" width=\"112\" height=\"112\" src=\"https:\/\/grupoarosa.es\/wp-content\/uploads\/2024\/11\/quimicos.png\" class=\"attachment-112x112 size-112x112\" alt=\"\" \/>\t\t\t\t\t<\/div>\n\n\t\t\t\t\t\t<\/div>\n\t\t\t\t<\/div>\n\t\t\t\t<\/div>\n\t\t\t\t\t<\/div>\n\t\t\t\t<\/div>\n\t\t<div class=\"wd-negative-gap elementor-element elementor-element-3c33408 e-flex e-con-boxed e-con e-parent\" data-id=\"3c33408\" data-element_type=\"container\" data-e-type=\"container\">\n\t\t\t\t\t<div class=\"e-con-inner\">\n\t\t\t\t<div class=\"elementor-element elementor-element-ec259c9 elementor-widget elementor-widget-wd_image_or_svg\" data-id=\"ec259c9\" data-element_type=\"widget\" data-e-type=\"widget\" data-widget_type=\"wd_image_or_svg.default\">\n\t\t\t\t<div class=\"elementor-widget-container\">\n\t\t\t\t\t\n\t\t<div class=\"wd-image text-center\">\n\t\t\t\t\t\t\t\t<img loading=\"lazy\" decoding=\"async\" width=\"778\" height=\"543\" src=\"https:\/\/grupoarosa.es\/wp-content\/uploads\/2024\/12\/tabla_ArosaBastoncillos.jpg\" class=\"attachment-full size-full\" alt=\"\" srcset=\"https:\/\/grupoarosa.es\/wp-content\/uploads\/2024\/12\/tabla_ArosaBastoncillos.jpg 778w, https:\/\/grupoarosa.es\/wp-content\/uploads\/2024\/12\/tabla_ArosaBastoncillos-400x279.jpg 400w, https:\/\/grupoarosa.es\/wp-content\/uploads\/2024\/12\/tabla_ArosaBastoncillos-768x536.jpg 768w, https:\/\/grupoarosa.es\/wp-content\/uploads\/2024\/12\/tabla_ArosaBastoncillos-430x300.jpg 430w, https:\/\/grupoarosa.es\/wp-content\/uploads\/2024\/12\/tabla_ArosaBastoncillos-700x489.jpg 700w, https:\/\/grupoarosa.es\/wp-content\/uploads\/2024\/12\/tabla_ArosaBastoncillos-150x105.jpg 150w\" sizes=\"auto, (max-width: 778px) 100vw, 778px\" \/>\t\t\t\t\t<\/div>\n\n\t\t\t\t\t\t<\/div>\n\t\t\t\t<\/div>\n\t\t\t\t\t<\/div>\n\t\t\t\t<\/div>\n\t\t\t\t<\/div>","protected":false},"excerpt":{"rendered":"<p>100% Celulosa Todos nuestros productos est\u00e1n realizados con celulosa 100% garantizada. Cuidamos tu piel Todos los productos realizados en Arosa<\/p>","protected":false},"author":1,"featured_media":0,"parent":0,"menu_order":0,"comment_status":"closed","ping_status":"closed","template":"","meta":{"footnotes":""},"class_list":["post-34752","page","type-page","status-publish","hentry"],"_links":{"self":[{"href":"https:\/\/grupoarosa.es\/pt\/wp-json\/wp\/v2\/pages\/34752","targetHints":{"allow":["GET"]}}],"collection":[{"href":"https:\/\/grupoarosa.es\/pt\/wp-json\/wp\/v2\/pages"}],"about":[{"href":"https:\/\/grupoarosa.es\/pt\/wp-json\/wp\/v2\/types\/page"}],"author":[{"embeddable":true,"href":"https:\/\/grupoarosa.es\/pt\/wp-json\/wp\/v2\/users\/1"}],"replies":[{"embeddable":true,"href":"https:\/\/grupoarosa.es\/pt\/wp-json\/wp\/v2\/comments?post=34752"}],"version-history":[{"count":13,"href":"https:\/\/grupoarosa.es\/pt\/wp-json\/wp\/v2\/pages\/34752\/revisions"}],"predecessor-version":[{"id":35040,"href":"https:\/\/grupoarosa.es\/pt\/wp-json\/wp\/v2\/pages\/34752\/revisions\/35040"}],"wp:attachment":[{"href":"https:\/\/grupoarosa.es\/pt\/wp-json\/wp\/v2\/media?parent=34752"}],"curies":[{"name":"wp","href":"https:\/\/api.w.org\/{rel}","templated":true}]}}