{"id":34969,"date":"2024-12-13T07:58:10","date_gmt":"2024-12-13T07:58:10","guid":{"rendered":"https:\/\/grupoarosa.es\/?page_id=34969"},"modified":"2025-01-05T11:47:26","modified_gmt":"2025-01-05T11:47:26","slug":"aviso-legal","status":"publish","type":"page","link":"https:\/\/grupoarosa.es\/pt\/aviso-legal\/","title":{"rendered":"Avisos legais"},"content":{"rendered":"<div data-elementor-type=\"wp-page\" data-elementor-id=\"34969\" class=\"elementor elementor-34969\">\n\t\t\t\t<div class=\"wd-negative-gap elementor-element elementor-element-356d7708 e-flex e-con-boxed e-con e-parent\" data-id=\"356d7708\" data-element_type=\"container\" data-e-type=\"container\">\n\t\t\t\t\t<div class=\"e-con-inner\">\n\t\t\t\t<div class=\"elementor-element elementor-element-2b3e5474 color-scheme-inherit text-left elementor-widget elementor-widget-text-editor\" data-id=\"2b3e5474\" data-element_type=\"widget\" data-e-type=\"widget\" data-widget_type=\"text-editor.default\">\n\t\t\t\t<div class=\"elementor-widget-container\">\n\t\t\t\t\t\t\t\t\t\n<h2 class=\"wp-block-heading\">Avisos legais<\/h2>\n\n<div class=\"b-block\"><strong>1. OBJETO Y ACEPTACI\u00d3N.<\/strong><\/div>\n<div class=\"b-block\">\u00a0<\/div>\n<div class=\"b-block\">El presente aviso legal regula el uso del sitio web www.grupoarosa.es, que pone a su disposici\u00f3n ANTONIO RODRIGUEZ SAEZ S.A., \u00a0provista de CIF A04033130, tel\u00e9fono 950142411 y direcci\u00f3n de correo electr\u00f3nico\u00a0<span id=\"cloakf4a42626a94fcdd51576b6a697fbecdd\"><a href=\"mailto:info@grupoarosa.es\">info@grupoarosa.es<\/a><\/span><\/div>\n<div class=\"b-block\">\u00a0<\/div>\n<div class=\"b-block\">La navegaci\u00f3n por el sitio web de\u00a0ANTONIO RODRIGUEZ SAEZ S.A.\u00a0atribuye la condici\u00f3n de usuario del mismo e implica la aceptaci\u00f3n plena y sin reservas de todas y cada una de las disposiciones incluidas en este aviso legal, que pueden sufrir modificaciones.<\/div>\n<div class=\"b-block\">\u00a0<\/div>\n<div class=\"b-block\">El usuario se obliga a hacer un uso correcto del sitio web de conformidad con las leyes, la buena fe, el orden p\u00fablico, los usos del tr\u00e1fico y el presente aviso legal. El usuario responder\u00e1 frente a\u00a0ANTONIO RODRIGUEZ SAEZ S.A.\u00a0o frente a terceros, de cualesquiera da\u00f1os y perjuicios que pudieran causarse como consecuencia del incumplimiento de dicha obligaci\u00f3n.<\/div>\n<div class=\"b-block\">\u00a0<\/div>\n<div class=\"b-block\"><strong>2. CONDICIONES DE ACCESO Y UTILIZACI\u00d3N.<\/strong><\/div>\n<div class=\"b-block\">\u00a0<\/div>\n<div class=\"b-block\">El sitio web y sus servicios son de acceso libre y gratuito, no obstante,ANTONIO RODRIGUEZ SAEZ S.A.\u00a0condiciona la utilizaci\u00f3n de algunos de los servicios ofrecidos en su web a la previa cumplimentaci\u00f3n del correspondiente formulario. El usuario garantiza la autenticidad y actualidad de todos aquellos datos que comunique a\u00a0ANTONIO RODRIGUEZ SAEZ S.A.\u00a0y ser\u00e1 el \u00fanico responsable de manifestaciones inexactas o falsas que realice.<\/div>\n<div class=\"b-block\">\u00a0<\/div>\n<div class=\"b-block\">El usuario se compromete expresamente a hacer un uso adecuado de los contenidos y servicios de\u00a0ANTONIO RODRIGUEZ SAEZ S.A.\u00a0y a no emplearlos para, entre otros:<\/div>\n<div class=\"b-block\">\u00a0<\/div>\n<div class=\"b-block\">Difundir contenidos, delictivos, violentos, pornogr\u00e1ficos, racistas, xen\u00f3fobos, ofensivos, de apolog\u00eda del terrorismo o, en general contrarios a la ley o el orden p\u00fablico.<\/div>\n<div class=\"b-block\">Introducir en la red virus inform\u00e1ticos o realizar actuaciones susceptibles de alterar, estropear, interrumpir o generar errores o da\u00f1os en los documentos electr\u00f3nicos, datos o sistemas f\u00edsicos y l\u00f3gicos de\u00a0ANTONIO RODRIGUEZ SAEZ S.A.\u00a0 o de terceras personas; as\u00ed como obstaculizar el acceso de otros usuarios al sitio web y a sus servicios mediante el consumo masivo de los recursos inform\u00e1ticos a trav\u00e9s de los cualesANTONIO RODRIGUEZ SAEZ S.A.\u00a0presta sus servicios.<\/div>\n<div class=\"b-block\">Intentar acceder a las cuentas de correo electr\u00f3nico de otros usuarios o a \u00e1reas restringidas de los sistemas inform\u00e1ticos de\u00a0ANTONIO RODRIGUEZ SAEZ S.A.\u00a0o de terceros y, en su caso, extraer informaci\u00f3n.<\/div>\n<div class=\"b-block\">Vulnerar los derechos de propiedad intelectual o industrial, as\u00ed como violar la confidencialidad de la informaci\u00f3n de\u00a0ANTONIO RODRIGUEZ SAEZ S.A.\u00a0o de terceros.<\/div>\n<div class=\"b-block\">Suplantar la identidad de otro usuario, de las administraciones p\u00fablicas, o de un tercero.<\/div>\n<div class=\"b-block\">Reproducir, copiar, distribuir, poner a disposici\u00f3n o de cualquier otra forma comunicar p\u00fablicamente, transformar o modificar las contenidos, a menos que se cuente con la autorizaci\u00f3n del titular de los correspondientes derechos o ello resulte legalmente permitido.<\/div>\n<div class=\"b-block\">Recabar datos con finalidad publicitaria y de remitir publicidad de cualquier clase y comunicaciones con fines de venta u otras de naturaleza comercial sin que medie su previa solicitud o consentimiento.<\/div>\n<div class=\"b-block\">Todos los contenidos del sitio web, como textos, fotograf\u00edas, gr\u00e1ficos, im\u00e1genes, iconos, tecnolog\u00eda, software, as\u00ed como su dise\u00f1o gr\u00e1fico y c\u00f3digos fuente, constituyen una obra cuya propiedad pertenece a sus respectivos titulares, sin que puedan entenderse cedidos al usuario ninguno de los derechos de explotaci\u00f3n sobre los mismos m\u00e1s all\u00e1 de lo estrictamente necesario para el correcto uso de la web.<\/div>\n<div class=\"b-block\">\u00a0<\/div>\n<div class=\"b-block\">En definitiva, los usuarios que accedan a este sitio web pueden visualizar los contenidos y efectuar, en su caso, copias privadas autorizadas, siempre que los elementos reproducidos no sean cedidos posteriormente a terceros, ni se instalen a servidores conectados a redes, ni sean objeto de ning\u00fan tipo de explotaci\u00f3n.<\/div>\n<div class=\"b-block\">\u00a0<\/div>\n<div class=\"b-block\">Asimismo, todas las marcas, nombres comerciales o signos distintivos de cualquier clase que aparecen en el sitio web son propiedad de sus respectivos due\u00f1os, sin que pueda entenderse que el uso o acceso al mismo atribuya al usuario derecho alguno sobre los mismos.<\/div>\n<div class=\"b-block\">\u00a0<\/div>\n<div class=\"b-block\">La distribuci\u00f3n, modificaci\u00f3n, cesi\u00f3n o comunicaci\u00f3n p\u00fablica de los contenidos y cualquier otro acto que no haya sido expresamente autorizado por el titular de los derechos de explotaci\u00f3n quedan prohibidos.<\/div>\n<div class=\"b-block\">\u00a0<\/div>\n<div class=\"b-block\">El establecimiento de un hiperenlace no implica en ning\u00fan caso la existencia de relaciones entre\u00a0ANTONIO RODRIGUEZ SAEZ S.A.\u00a0y el propietario del sitio web en la que se establezca, ni la aceptaci\u00f3n y aprobaci\u00f3n por parte deANTONIO RODRIGUEZ SAEZ S.A.\u00a0de sus contenidos o servicios. Aquellas personas que se propongan establecer un hiperenlace previamente deber\u00e1n solicitar autorizaci\u00f3n por escrito a\u00a0ANTONIO RODRIGUEZ SAEZ S.A.\u00a0 En todo caso, el hiperenlace \u00fanicamente permitir\u00e1 el acceso a la p\u00e1gina de inicio de nuestro sitio web, asimismo deber\u00e1 abstenerse de realizar manifestaciones o indicaciones falsas o inexactas sobre\u00a0ANTONIO RODRIGUEZ SAEZ S.A.,\u00a0o incluir contenidos il\u00edcitos, contrarios a las buenas costumbres y al orden p\u00fablico.<\/div>\n<div class=\"b-block\">\u00a0<\/div>\n<div class=\"b-block\">ANTONIO RODRIGUEZ SAEZ S.A.\u00a0no se responsabiliza del uso que cada usuario le d\u00e9 a los materiales puestos a disposici\u00f3n de este sitio web ni de las actuaciones que realice en base a los mismos.<\/div>\n<div class=\"b-block\">\u00a0<\/div>\n<div class=\"b-block\"><strong>3. EXCLUSI\u00d3N DE GARANT\u00cdAS Y RESPONSABILIDAD.<\/strong><\/div>\n<div class=\"b-block\">\u00a0<\/div>\n<div class=\"b-block\">El contenido del presente sitio web es de car\u00e1cter general y tiene una finalidad meramente informativa, sin que se garantice plenamente el acceso a todos los contenidos, ni su exhaustividad, correcci\u00f3n, vigencia o actualidad, ni su idoneidad o utilidad para un objetivo espec\u00edfico.<\/div>\n<div class=\"b-block\">\u00a0<\/div>\n<div class=\"b-block\">ANTONIO RODRIGUEZ SAEZ S.A.\u00a0excluye, hasta donde permite el ordenamiento jur\u00eddico, cualquier responsabilidad por los da\u00f1os y perjuicios de toda naturaleza derivados de:<\/div>\n<div class=\"b-block\">\u00a0<\/div>\n<div class=\"b-block\">La imposibilidad de acceso al sitio web o la falta de veracidad, exactitud, exhausitividad y\/o actualidad de los contenidos, as\u00ed como la existencia de vicios y defectos de toda clase de los contenidos transmitidos, difundidos, almacenados, puestos a disposici\u00f3n a los que se haya accedido a trav\u00e9s del sitio web o de los servicios que se ofrecen.<\/div>\n<div class=\"b-block\">La presencia de virus o de otros elementos en los contenidos que puedan producir alteraciones en los sistemas inform\u00e1ticos, documentos electr\u00f3nicos o datos de los usuarios.<\/div>\n<div class=\"b-block\">El incumplimiento de las leyes, la buena fe, el orden p\u00fablico, los usos del tr\u00e1fico y el presente aviso legal como consecuencia del uso incorrecto del sitio web. En particular, y a modo de ejemplificativo,\u00a0ANTONIO RODRIGUEZ SAEZ S.A.\u00a0no se hace responsable de las actuaciones de terceros que vulneren los derechos de propiedad intelectual e industrial, derechos al honor, la intimidad personal y familiar y a la propia imagen, as\u00ed como la normativa en materia de competencia desleal y publicidad il\u00edcita.<\/div>\n<div class=\"b-block\">Asimismo,ANTONIO RODRIGUEZ SAEZ S.A.\u00a0declina cualquier responsabilidad respecto a la informaci\u00f3n que se halle fuera de esta web y no sea gestionada directamente por nuestro webmaster. La funci\u00f3n de los links que aparecen en esta web es exclusivamente la de informar al usuario sobre la existencia de otras fuentes susceptibles de ampliar los contenidos que ofrece este sitio web.<\/div>\n<div class=\"b-block\">\u00a0<\/div>\n<div class=\"b-block\"><strong>4. POL\u00cdTICA DE PRIVACIDAD.<\/strong><\/div>\n<div class=\"b-block\">\u00a0<\/div>\n<div class=\"b-block\">Los datos recabados a trav\u00e9s de los formularios de recogida de datos del sitio web u otras v\u00edas ser\u00e1n incorporados a un fichero automatizado de datos de car\u00e1cter personal del cual es responsable\u00a0ANTONIO RODRIGUEZ SAEZ S.A.\u00a0Esta entidad tratar\u00e1 los datos de forma confidencial y exclusivamente con la finalidad de ofrecer los servicios solicitados, con todas las garant\u00edas legales y de seguridad que impone la Ley Org\u00e1nica 15\/1999, de 13 de diciembre, de Protecci\u00f3n de Datos de Car\u00e1cter Personal y la Ley 34\/2002, de 11 de julio, de Servicios de la Sociedad de la Informaci\u00f3n y Comercio Electr\u00f3nico.<\/div>\n<div class=\"b-block\">\u00a0<\/div>\n<div class=\"b-block\">ANTONIO RODRIGUEZ SAEZ S.A.\u00a0se compromete a no ceder, vender, ni compartir los datos con terceros sin su aprobaci\u00f3n expresa. Asimismo,\u00a0ANTONIO RODRIGUEZ SAEZ S.A.\u00a0los cancelar\u00e1 o rectificar\u00e1 cuando resulten inexactos, incompletos o hayan dejado de ser necesarios o pertinentes para su finalidad, de conformidad con lo previsto en la Ley Org\u00e1nica 15\/1999, de 13 de diciembre, de Protecci\u00f3n de Datos de Car\u00e1cter Personal.<\/div>\n<div class=\"b-block\">\u00a0<\/div>\n<div class=\"b-block\">El usuario podr\u00e1 revocar el consentimiento prestado y ejercer los derechos de acceso, rectificaci\u00f3n, cancelaci\u00f3n y oposici\u00f3n dirigi\u00e9ndose a tal efecto a la direcci\u00f3n\u00a0ANTONIO RODRIGUEZ SAEZ S.A.,\u00a0 identific\u00e1ndose debidamente e indicando de forma visible el concreto de derecho que se ejerce.<\/div>\n<div class=\"b-block\">\u00a0<\/div>\n<div class=\"b-block\">ANTONIO RODRIGUEZ SAEZ S.A.\u00a0adopta los niveles de seguridad correspondientes requeridos por la Ley Org\u00e1nica 15\/1999 y dem\u00e1s normativa aplicable. No obstante, no asume ninguna responsabilidad por los da\u00f1os y perjuicios derivados de alteraciones que terceros pueden causar en los sistemas inform\u00e1ticos, documentos electr\u00f3nicos o ficheros del usuario.<\/div>\n<div class=\"b-block\">\u00a0<\/div>\n<div class=\"b-block\">ANTONIO RODRIGUEZ SAEZ S.A.\u00a0podr\u00e1 utilizar cookies durante la prestaci\u00f3n de servicios del sitio web. Las cookies son ficheros f\u00edsicos de informaci\u00f3n personal alojados en el propio terminal del usuario. El usuario tiene la posibilidad de configurar su programa navegador de manera que se impida la creaci\u00f3n de archivos cookie o se advierta de la misma.<\/div>\n<div class=\"b-block\">\u00a0<\/div>\n<div class=\"b-block\">Si opta por abandonar nuestro sitio web a trav\u00e9s de enlaces a sitios web no pertenecientes a nuestra entidad,\u00a0ANTONIO RODRIGUEZ SAEZ S.A.\u00a0no se har\u00e1 responsable de las pol\u00edticas de privacidad de dichos sitios web ni de las cookies que \u00e9stos puedan almacenar en el ordenador del usuario.<\/div>\n<div class=\"b-block\">\u00a0<\/div>\n<div class=\"b-block\">Nuestra pol\u00edtica con respecto al correo electr\u00f3nico y los mensajes a tel\u00e9fonos m\u00f3viles (sms y mms) se centra en remitir \u00fanicamente comunicaciones que usted haya solicitado recibir. Si prefiere no recibir estos mensajes por correo electr\u00f3nico o sms le ofreceremos, bien a trav\u00e9s de este sitio web, o bien a trav\u00e9s de los mismos la posibilidad de ejercer sus derechos de cancelaci\u00f3n y renuncia a la recepci\u00f3n de estos mensajes, en conformidad con lo dispuesto en el T\u00edtulo III, art\u00edculo 22 de la Ley 34\/2002 de Servicios para la Sociedad de la Informaci\u00f3n y de Comercio Electr\u00f3nico.<\/div>\n<div class=\"b-block\">\u00a0<\/div>\n<div class=\"b-block\"><strong>5. PROCEDIMIENTO EN CASO DE REALIZACI\u00d3N DE ACTIVIDADES DE CAR\u00c1CTER IL\u00cdCITO.<\/strong><\/div>\n<div class=\"b-block\">\u00a0<\/div>\n<div class=\"b-block\">En el caso de que cualquier usuario o un tercero considere que existen hechos o circunstancias que revelen el car\u00e1cter il\u00edcito de la utilizaci\u00f3n de cualquier contenido y\/o la realizaci\u00f3n de cualquier actividad de las p\u00e1ginas web incluidas o accesibles a trav\u00e9s del sitio web www.grupoarosa.es, deber\u00e1 enviar una notificaci\u00f3n a\u00a0<span id=\"cloak618b3df1fcff3f2dcd4542b75dd559e3\"><a href=\"mailto:arosa@grupoarosa.es\">arosa@grupoarosa.es<\/a><\/span>\u00a0identific\u00e1ndose debidamente, especificando las supuestas infracciones y declarando expresamente y bajo su responsabilidad que la informaci\u00f3n proporcionada en la notificaci\u00f3n es exacta.<\/div>\n<div class=\"b-block\">\u00a0<\/div>\n<div class=\"b-block\">Para toda cuesti\u00f3n litigiosa que incumba al sitio web de\u00a0ANTONIO RODRIGUEZ SAEZ S.A., ser\u00e1 de aplicaci\u00f3n la legislaci\u00f3n espa\u00f1ola, siendo competentes los Juzgados y Tribunales del domicilio del titular de esta Web.<\/div>\n<div class=\"b-block\">\u00a0<\/div>\n<div class=\"b-block\"><strong>6. NOTIFICACIONES.<\/strong><\/div>\n<div class=\"b-block\">\u00a0<\/div>\n<div class=\"b-block\">Todas las notificaciones y comunicaciones entre los usuarios se considerar\u00e1n eficaces, a todos los efectos, cuando se realicen a trav\u00e9s de correo postal, correo electr\u00f3nico, o comunicaci\u00f3n telef\u00f3nica. Los usuarios deber\u00e1n dirigirse a ANTONIO RODRIGUEZ SAEZ S.A.\u00a0mediante:<\/div>\n<div class=\"b-block\">\u00a0<\/div>\n<div class=\"b-block\">Env\u00edo por correo postal a la direcci\u00f3n:<\/div>\n<div class=\"b-block\">\n<div class=\"b-block\">Calle Hermandad 2 &#8211;\u00a0Naves Arosa<\/div>\n<div class=\"b-block\">Pol\u00edgono Industrial San Rafael &#8211;\u00a0Huercal de Almer\u00eda<\/div>\n<div class=\"b-block\">04230 &#8211;\u00a0Almer\u00eda &#8211;\u00a0Espa\u00f1a<\/div>\n<div class=\"b-block\">\u00a0<\/div>\n<\/div>\n<div class=\"b-block\">Comunicaci\u00f3n por medio de una llamada telef\u00f3nica al n\u00famero de tel\u00e9fono 950142411.<\/div>\n<div class=\"b-block\">Env\u00edo por correo electr\u00f3nico a\u00a0<span id=\"cloak23bf8a7992c3525a48b52a94c1ce0272\"><a href=\"mailto:info@grupoarosa.es\">info@grupoarosa.es<\/a><\/span><\/div>\t\t\t\t\t\t\t\t<\/div>\n\t\t\t\t<\/div>\n\t\t\t\t\t<\/div>\n\t\t\t\t<\/div>\n\t\t\t\t<\/div>","protected":false},"excerpt":{"rendered":"<p>Aviso Legal 1. OBJETO Y ACEPTACI\u00d3N. \u00a0 El presente aviso legal regula el uso del sitio web www.grupoarosa.es, que pone<\/p>","protected":false},"author":1,"featured_media":0,"parent":0,"menu_order":0,"comment_status":"closed","ping_status":"closed","template":"","meta":{"footnotes":""},"class_list":["post-34969","page","type-page","status-publish","hentry"],"_links":{"self":[{"href":"https:\/\/grupoarosa.es\/pt\/wp-json\/wp\/v2\/pages\/34969","targetHints":{"allow":["GET"]}}],"collection":[{"href":"https:\/\/grupoarosa.es\/pt\/wp-json\/wp\/v2\/pages"}],"about":[{"href":"https:\/\/grupoarosa.es\/pt\/wp-json\/wp\/v2\/types\/page"}],"author":[{"embeddable":true,"href":"https:\/\/grupoarosa.es\/pt\/wp-json\/wp\/v2\/users\/1"}],"replies":[{"embeddable":true,"href":"https:\/\/grupoarosa.es\/pt\/wp-json\/wp\/v2\/comments?post=34969"}],"version-history":[{"count":4,"href":"https:\/\/grupoarosa.es\/pt\/wp-json\/wp\/v2\/pages\/34969\/revisions"}],"predecessor-version":[{"id":34973,"href":"https:\/\/grupoarosa.es\/pt\/wp-json\/wp\/v2\/pages\/34969\/revisions\/34973"}],"wp:attachment":[{"href":"https:\/\/grupoarosa.es\/pt\/wp-json\/wp\/v2\/media?parent=34969"}],"curies":[{"name":"wp","href":"https:\/\/api.w.org\/{rel}","templated":true}]}}